{"id":99,"date":"2025-05-24T13:46:52","date_gmt":"2025-05-24T11:46:52","guid":{"rendered":"http:\/\/10.0.123.18\/test\/?page_id=99"},"modified":"2025-12-01T16:12:45","modified_gmt":"2025-12-01T15:12:45","slug":"program","status":"publish","type":"page","link":"https:\/\/salvator.rosomak.cz\/index.php\/program\/","title":{"rendered":"Pl\u00e1novan\u00e9 akce"},"content":{"rendered":"\n<h2 class=\"wp-block-heading has-medium-font-size\">Poslechnout si n\u00e1s m\u016f\u017eete:<\/h2>\n\n\n\n<div class=\"wp-block-group\"><div class=\"wp-block-group__inner-container is-layout-constrained wp-block-group-is-layout-constrained\">\n<p class=\"has-small-font-size\"><em>(zm\u011bny vyhrazeny)<\/em><\/p>\n\n\n\n<ul class=\"wp-block-list\">\n<li><strong>12. prosince 2025 &#8211; p\u00e1tek<\/strong> v 17 hodin &#8211; <strong>Lozice-Lu\u017ee<\/strong> &#8211; <em>koncert, Rybova m\u0161e, evangelick\u00fd kostel<\/em><\/li>\n\n\n\n<li><strong>14. prosince 2025 &#8211; ned\u011ble<\/strong> v 15 hodin &#8211; <strong>V\u010del\u00e1kov<\/strong> &#8211; <em>adventn\u00ed koncert, kostel sv. M\u00e1\u0159\u00ed Magdal\u00e9ny<\/em><\/li>\n\n\n\n<li><strong>21. prosince 2025 &#8211; ned\u011ble<\/strong> v 16 hodin &#8211; <strong>Hroch\u016fv T\u00fdnec<\/strong> &#8211; <em>adventn\u00ed koncert, kostel sv. Martina<\/em><\/li>\n\n\n\n<li><strong>25. prosince 2025 &#8211; \u010dtvrtek<\/strong> v 8:30 hodin &#8211; <strong>Chrudim<\/strong> &#8211; <em>m\u0161e sv., Slavnost Narozen\u00ed P\u00e1n\u011b, Bo\u017e\u00ed hod v\u00e1no\u010dn\u00ed, 1. sv\u00e1tek v\u00e1no\u010dn\u00ed, chr\u00e1m Nanebevzet\u00ed Panny Marie<\/em><\/li>\n\n\n\n<li><strong>26. prosince 2025 &#8211; p\u00e1tek<\/strong> v 15 a v 17 hodin &#8211; <strong>Chrudim<\/strong> &#8211; <em>2 TRADI\u010cN\u00cd V\u00c1NO\u010cN\u00cd KONCERTY, Sv\u00e1tek sv. \u0160t\u011bp\u00e1na, 2. sv\u00e1tek v\u00e1no\u010dn\u00ed, chr\u00e1m Nanebevzet\u00ed Panny Marie<\/em><\/li>\n<\/ul>\n<\/div><\/div>\n\n\n\n<p><em>Dopl\u0148uj\u00edc\u00ed informace m\u016f\u017eete naj\u00edt na na\u0161em <a href=\"https:\/\/www.facebook.com\/Salv%C3%A1tor-Chrudim-276029569532633\/\" target=\"_blank\" rel=\"noreferrer noopener\">facebooku<\/a>.<\/em><\/p>\n\n\n\n<p><\/p>\n","protected":false},"excerpt":{"rendered":"<p>Poslechnout si n\u00e1s m\u016f\u017eete: (zm\u011bny vyhrazeny) Dopl\u0148uj\u00edc\u00ed informace m\u016f\u017eete naj\u00edt na na\u0161em facebooku.<\/p>\n","protected":false},"author":1,"featured_media":0,"parent":0,"menu_order":0,"comment_status":"closed","ping_status":"closed","template":"","meta":{"kt_blocks_editor_width":"","footnotes":""},"class_list":["post-99","page","type-page","status-publish","hentry"],"_links":{"self":[{"href":"https:\/\/salvator.rosomak.cz\/index.php\/wp-json\/wp\/v2\/pages\/99","targetHints":{"allow":["GET"]}}],"collection":[{"href":"https:\/\/salvator.rosomak.cz\/index.php\/wp-json\/wp\/v2\/pages"}],"about":[{"href":"https:\/\/salvator.rosomak.cz\/index.php\/wp-json\/wp\/v2\/types\/page"}],"author":[{"embeddable":true,"href":"https:\/\/salvator.rosomak.cz\/index.php\/wp-json\/wp\/v2\/users\/1"}],"replies":[{"embeddable":true,"href":"https:\/\/salvator.rosomak.cz\/index.php\/wp-json\/wp\/v2\/comments?post=99"}],"version-history":[{"count":3,"href":"https:\/\/salvator.rosomak.cz\/index.php\/wp-json\/wp\/v2\/pages\/99\/revisions"}],"predecessor-version":[{"id":178,"href":"https:\/\/salvator.rosomak.cz\/index.php\/wp-json\/wp\/v2\/pages\/99\/revisions\/178"}],"wp:attachment":[{"href":"https:\/\/salvator.rosomak.cz\/index.php\/wp-json\/wp\/v2\/media?parent=99"}],"curies":[{"name":"wp","href":"https:\/\/api.w.org\/{rel}","templated":true}]}}