{"id":42,"date":"2025-05-24T14:33:35","date_gmt":"2025-05-24T12:33:35","guid":{"rendered":"http:\/\/10.0.123.18\/test\/?page_id=42"},"modified":"2025-10-08T13:58:50","modified_gmt":"2025-10-08T11:58:50","slug":"lide","status":"publish","type":"page","link":"https:\/\/salvator.rosomak.cz\/index.php\/lide\/","title":{"rendered":"Lid\u00e9"},"content":{"rendered":"\n<h2 class=\"wp-block-heading\">sboru Salv\u00e1tor<\/h2>\n\n\n\n<figure class=\"wp-block-table is-style-stripes\"><table class=\"has-fixed-layout\"><tbody><tr><td><img loading=\"lazy\" decoding=\"async\" width=\"150\" height=\"225\" class=\"wp-image-47\" style=\"width: 150px;\" src=\"\/wp-content\/uploads\/2025\/05\/tomas_zidek.jpg\" alt=\"\"><\/td><td><a href=\"\/index.php\/tomas-zidek\/\" data-type=\"page\" data-id=\"42\"><strong>Tom\u00e1\u0161 \u017didek<\/strong><br><\/a><em>(sbormistr)<\/em><br><br><small><em>zidek2000@seznam.cz<\/em><\/small><\/td><td><\/td><td><\/td><\/tr><tr><td><\/td><td><strong>Hana Bla\u017ekov\u00e1<\/strong><br><em>(sopr\u00e1n)<\/em><\/td><td><\/td><td><\/td><\/tr><tr><td><\/td><td><strong>Jana P\u0159\u00edhodov\u00e1<\/strong><br><em>(sopr\u00e1n)<\/em><\/td><td><\/td><td><\/td><\/tr><tr><td><\/td><td><strong>Michaela Kopeck\u00e1<\/strong><br><em>(sopr\u00e1n)<\/em><\/td><td><\/td><td><\/td><\/tr><tr><td><\/td><td><strong>Olga \u0160vejdov\u00e1<\/strong><br><em>(sopr\u00e1n)<\/em><\/td><td><\/td><td><\/td><\/tr><tr><td><\/td><td><strong>Stanislava Slez\u00e1kov\u00e1<\/strong><br><em>(sopr\u00e1n)<\/em><\/td><td><\/td><td><\/td><\/tr><tr><td><\/td><td><strong>Lucie Petrusov\u00e1<\/strong><br><em>(alt)<\/em><\/td><td><\/td><td><\/td><\/tr><tr><td><img loading=\"lazy\" decoding=\"async\" width=\"150\" height=\"109\" class=\"wp-image-112\" style=\"width: 150px;\" src=\"\/wp-content\/uploads\/2025\/05\/hanka_peterkova.jpg\" alt=\"\"><\/td><td><strong>Hana Peterkov\u00e1<\/strong><br><em>(alt)<\/em><\/td><td><\/td><td><\/td><\/tr><tr><td><\/td><td><strong>Dana Lambertov\u00e1<\/strong><br><em>(alt)<\/em><\/td><td><\/td><td><\/td><\/tr><tr><td><\/td><td><strong>Marie Borsk\u00e1<\/strong><br><em>(alt)<\/em><\/td><td><\/td><td><\/td><\/tr><tr><td><\/td><td><strong>Zdena Pickov\u00e1<\/strong><br><em>(alt)<\/em><\/td><td><\/td><td><\/td><\/tr><tr><td><\/td><td><strong>Jan Smetana<\/strong><br><em>(tenor)<\/em><\/td><td><\/td><td><\/td><\/tr><tr><td><\/td><td><strong>Ivana Smetanov\u00e1<\/strong><br><em>(tenor)<\/em><\/td><td><\/td><td><\/td><\/tr><tr><td><\/td><td><strong>Josef Honz\u00ed\u010dek<\/strong><br><em>(tenor)<\/em><\/td><td><\/td><td><\/td><\/tr><tr><td><\/td><td><strong>Luk\u00e1\u0161 \u0160m\u00eddek<\/strong><br><em>(bas)<\/em><\/td><td><\/td><td><\/td><\/tr><tr><td><\/td><td><strong>Petr Borsk\u00fd<\/strong><br><em>(bas)<\/em><\/td><td><\/td><td><\/td><\/tr><tr><td><\/td><td><strong>Michal Smetana<\/strong><br><em>(bas)<\/em><\/td><td><\/td><td><\/td><\/tr><tr><td><\/td><td><strong>Leo\u0161 P\u00e1vek<\/strong><br><em>(bas)<\/em><\/td><td><\/td><td><\/td><\/tr><tr><td><\/td><td><strong>Sergej Varfolomejev<\/strong><br><em>(bas)<\/em><\/td><td><\/td><td><\/td><\/tr><\/tbody><\/table><\/figure>\n","protected":false},"excerpt":{"rendered":"<p>sboru Salv\u00e1tor Tom\u00e1\u0161 \u017didek(sbormistr) zidek2000@seznam.cz Hana Bla\u017ekov\u00e1(sopr\u00e1n) Jana P\u0159\u00edhodov\u00e1(sopr\u00e1n) Michaela Kopeck\u00e1(sopr\u00e1n) Olga \u0160vejdov\u00e1(sopr\u00e1n) Stanislava Slez\u00e1kov\u00e1(sopr\u00e1n) Lucie Petrusov\u00e1(alt) Hana Peterkov\u00e1(alt) Dana Lambertov\u00e1(alt) Marie Borsk\u00e1(alt) Zdena Pickov\u00e1(alt) Jan Smetana(tenor) Ivana Smetanov\u00e1(tenor) Josef Honz\u00ed\u010dek(tenor) Luk\u00e1\u0161 \u0160m\u00eddek(bas) Petr Borsk\u00fd(bas) Michal Smetana(bas) Leo\u0161 P\u00e1vek(bas) Sergej &hellip; <a href=\"https:\/\/salvator.rosomak.cz\/index.php\/lide\/\">Continued<\/a><\/p>\n","protected":false},"author":1,"featured_media":0,"parent":0,"menu_order":0,"comment_status":"closed","ping_status":"closed","template":"","meta":{"kt_blocks_editor_width":"","footnotes":""},"class_list":["post-42","page","type-page","status-publish","hentry"],"_links":{"self":[{"href":"https:\/\/salvator.rosomak.cz\/index.php\/wp-json\/wp\/v2\/pages\/42","targetHints":{"allow":["GET"]}}],"collection":[{"href":"https:\/\/salvator.rosomak.cz\/index.php\/wp-json\/wp\/v2\/pages"}],"about":[{"href":"https:\/\/salvator.rosomak.cz\/index.php\/wp-json\/wp\/v2\/types\/page"}],"author":[{"embeddable":true,"href":"https:\/\/salvator.rosomak.cz\/index.php\/wp-json\/wp\/v2\/users\/1"}],"replies":[{"embeddable":true,"href":"https:\/\/salvator.rosomak.cz\/index.php\/wp-json\/wp\/v2\/comments?post=42"}],"version-history":[{"count":10,"href":"https:\/\/salvator.rosomak.cz\/index.php\/wp-json\/wp\/v2\/pages\/42\/revisions"}],"predecessor-version":[{"id":132,"href":"https:\/\/salvator.rosomak.cz\/index.php\/wp-json\/wp\/v2\/pages\/42\/revisions\/132"}],"wp:attachment":[{"href":"https:\/\/salvator.rosomak.cz\/index.php\/wp-json\/wp\/v2\/media?parent=42"}],"curies":[{"name":"wp","href":"https:\/\/api.w.org\/{rel}","templated":true}]}}