{"id":35,"date":"2025-05-05T12:44:08","date_gmt":"2025-05-05T10:44:08","guid":{"rendered":"http:\/\/10.0.123.18\/test\/?page_id=35"},"modified":"2025-05-05T12:47:02","modified_gmt":"2025-05-05T10:47:02","slug":"historie","status":"publish","type":"page","link":"https:\/\/salvator.rosomak.cz\/index.php\/historie\/","title":{"rendered":"Historie"},"content":{"rendered":"\n<h2 class=\"wp-block-heading\">Charakteristika \u010dinnosti hudebn\u00ed spole\u010dnosti \u201eSalv\u00e1tor \u2013 Chrudim\u201c<\/h2>\n\n\n\n<p><strong>Sm\u00ed\u0161en\u00fd sbor Salv\u00e1tor<\/strong> byl zalo\u017een v&nbsp;roce 1999, p\u016fvodn\u011b jako ml\u00e1de\u017enick\u00e9 p\u011bveck\u00e9 t\u011bleso, dlouhou dobu slo\u017een\u00e9 tak\u0159ka v\u00fdhradn\u011b z&nbsp;\u0159ad st\u0159edo\u0161kol\u00e1k\u016f a&nbsp;vysoko\u0161kol\u00e1k\u016f, poch\u00e1zej\u00edc\u00edch z&nbsp;Chrudimi a&nbsp;okol\u00ed. P\u0159\u00edm\u00fdm p\u0159edch\u016fdcem Salv\u00e1toru byl sbor Gymn\u00e1zia Josefa Ressela \u2013 Chrudim, kter\u00fd na t\u00e9to \u0161kole vedl ve \u0161koln\u00edm roce 1998 \u2013 1999 Tom\u00e1\u0161 \u017didek. Pod n\u00e1zvem \u201eSalv\u00e1tor\u201c vystoupilo t\u011bleso poprv\u00e9 na koncertu k&nbsp;v\u00fdro\u010d\u00ed \u00famrt\u00ed skladatele Aloise Hnili\u010dky (1826 \u2013 1909), kter\u00fd uspo\u0159\u00e1dalo spole\u010dn\u011b s&nbsp;p\u011bveck\u00fdm sborem Slavoj (tehdy v&nbsp;\u010dele s&nbsp;pan\u00ed Evou Kade\u0159\u00e1vkovou) 13. listopadu 1999 v&nbsp;chrudimsk\u00e9m chr\u00e1mu Nanebevzet\u00ed Panny Marie. Sv\u00fdm n\u00e1zvem se sbor hrd\u011b hl\u00e1s\u00ed k&nbsp;prastar\u00e9 chrudimsk\u00e9 duchovn\u00ed tradici \u2013 uct\u00edv\u00e1n\u00ed obrazu Spasitele \u2013 sv. Salv\u00e1tora, kter\u00fd je um\u00edst\u011bn na hlavn\u00edm olt\u00e1\u0159i arcid\u011bkansk\u00e9ho chr\u00e1mu a podle n\u011bho\u017e se mj. v&nbsp;minulosti \u010dasto \u0159\u00edk\u00e1valo obyvatel\u016fm Chrudimi \u201eSalv\u00e1torci\u201c.<\/p>\n\n\n\n<p>Vzhledem k&nbsp;r\u016fzn\u00fdm typ\u016fm hlavn\u011b vysoko\u0161kolsk\u00e9ho studia \u0159ady \u010dlen\u016f a&nbsp;jejich pestr\u00fdm aktivit\u00e1m musel sbor od po\u010d\u00e1tku zkou\u0161et t\u00e9m\u011b\u0159 v\u00fdhradn\u011b v&nbsp;sobotu, co\u017e s&nbsp;sebou p\u0159in\u00e1\u0161elo na jedn\u00e9 stran\u011b velk\u00e9 osobn\u00ed ob\u011bti, na stran\u011b druh\u00e9 velmi \u010dast\u00e9 probl\u00e9my s&nbsp;pravidelnou doch\u00e1zkou, kter\u00e1 je ve sborov\u00e9m zp\u00edv\u00e1n\u00ed z\u00e1kladem \u00fasp\u011bchu. I p\u0159es v\u0161echny probl\u00e9my, kter\u00e9 prov\u00e1zej\u00ed, vedle mnoha radost\u00ed, ka\u017ed\u00fd amat\u00e9rsk\u00fd soubor, vstoupil brzy sbor Salv\u00e1tor do \u0161irok\u00e9ho pov\u011bdom\u00ed chrudimsk\u00e9 ve\u0159ejnosti, m\u011bsto Chrudim \u010dasto reprezentoval na mnoha m\u00edstech v&nbsp;\u010cech\u00e1ch a za pom\u011brn\u011b kr\u00e1tkou dobu si vydobyl \u010detn\u00e9 \u00fasp\u011bchy i na mezin\u00e1rodn\u00edch sout\u011b\u017e\u00edch (viz p\u0159ehled akc\u00ed), kde tak\u0159ka v\u017edy z\u00edskal st\u0159\u00edbrn\u00fd diplom a dvakr\u00e1t tak\u00e9 zv\u00edt\u011bzil ve sv\u00e9 kategorii. Mezi dal\u0161\u00ed v\u00fdznamn\u00e9 mezn\u00edky m\u016f\u017eeme po\u010d\u00edtat i \u00fasp\u011b\u0161n\u00e9 zahrani\u010dn\u00ed z\u00e1jezdy do Polsk\u00e9 Ole\u0161nice (dvakr\u00e1t) a do holandsk\u00e9ho Ede.<\/p>\n\n\n\n<p>Nezanedbatelnou aktivitu dlouhou dobu p\u0159edstavovalo rovn\u011b\u017e ka\u017edoro\u010dn\u00ed po\u0159\u00e1d\u00e1n\u00ed jarn\u00edho festivalu v\u00e1\u017en\u00e9 hudby pro ml\u00e1de\u017e \u201eAth\u00e9ny v\u00fdchodn\u00edch \u010cech\u201c, kter\u00fd do Chrudimi p\u0159ivedl mnoho mlad\u00fdch interpret\u016f a poslucha\u010d\u016f z&nbsp;cel\u00e9 \u010cesk\u00e9 Republiky a pro svou nev\u0161edn\u00ed dramaturgickou i interpreta\u010dn\u00ed \u00farove\u0148 si postupn\u011b z\u00edsk\u00e1v\u00e1 vysok\u00e9 renom\u00e9. Posledn\u00ed dva ro\u010dn\u00edky ji\u017e byly po\u0159\u00e1d\u00e1ny pod hlavi\u010dkou Chrudimsk\u00e9 besedy, se kterou spolek \u201eSalv\u00e1tor \u2013 Chrudim, z.s.\u201c jako z\u0159izovatel sboru trvale spolupracuje.<\/p>\n\n\n\n<p>B\u011bhem uplynul\u00fdch deseti let se skladba \u010dlen\u016f sboru v\u00fdrazn\u011b prom\u011bnila a to jak ve smyslu person\u00e1ln\u00edm (viz. p\u0159ehled), tak v\u011bkov\u00e9m a v&nbsp;neposledn\u00ed \u0159ad\u011b i profesn\u00edm. Z&nbsp;mnoh\u00fdch student\u016f se stali pracuj\u00edc\u00ed ob\u010dan\u00e9, z&nbsp;\u0159ady d\u00edvek se postupn\u011b st\u00e1vaj\u00ed matky, kter\u00e9 se v\u011bt\u0161inou sna\u017e\u00ed (podobn\u011b jako mnoz\u00ed vysoko\u0161kol\u00e1ci) podle sv\u00fdch mo\u017enost\u00ed kontakt se sborem neztratit. Zkou\u0161ky sboru prob\u00edhaly v&nbsp;ned\u00e1vn\u00e9 dob\u011b ka\u017ed\u00fd t\u00fdden ve st\u0159edu ve zku\u0161ebn\u011b Chrudimsk\u00e9 besedy (Divadlo Karla Pippicha), od z\u00e1\u0159\u00ed 2009 sbor zkou\u0161\u00ed v&nbsp;klubovn\u011b Spolkov\u00e9ho domu.<\/p>\n\n\n\n<p>Sbor je specifick\u00fd, vedle jin\u00fdch hledisek, zejm\u00e9na sv\u00fdm duchovn\u011b zam\u011b\u0159en\u00fdm reperto\u00e1rem, z\u010d\u00e1sti orientovan\u00fdm na v\u00fdraznou kompozi\u010dn\u00ed tradici m\u011bsta Chrudim (Rychnovsk\u00fd, Hnili\u010dka, K. \u017didek, P. \u017didek), o jej\u00ed\u017e odkaz a rozvoj pe\u010duje bohu\u017eel dnes jako jedin\u00e9 chrudimsk\u00e9 hudebn\u00ed t\u011bleso\u2026Od po\u010d\u00e1tku existence nep\u016fsob\u00ed soubor pouze jako koncertn\u00ed t\u011bleso, ale asi \u010dtvrtina produkc\u00ed se odehr\u00e1v\u00e1 p\u0159i bohoslu\u017eb\u00e1ch, a to jak \u0159\u00edmskokatolick\u00fdch tak i \u0159eckokatolick\u00fdch. Za zm\u00ednku stoj\u00ed i \u010detn\u00e1 spolupr\u00e1ce s&nbsp;\u0159adou jin\u00fdch sbor\u016f z&nbsp;regionu i mimo n\u011bj (Vlastislav \u2013 He\u0159man\u016fv M\u011bstec, Slavoj &#8211; Chrudim, Chr\u00e1mov\u00fd sbor p\u0159i arcid\u011bkansk\u00e9m chr\u00e1mu \u2013 Chrudim, Rube\u0161 &#8211; Skute\u010d, Skute\u010dsk\u00fd komorn\u00ed sbor p\u0159i ZU\u0160 V. Nov\u00e1ka, Iuventus cantans &#8211; Pardubice, En Arch\u00e9 &#8211; Praha, V\u00e1clav a Libu\u0161e &#8211; Chrast aj\u2026) a \u00fa\u010dast na velk\u00fdch sborov\u00fdch projektech, jako nap\u0159. proveden\u00ed Mozartova Requiem nebo Dvo\u0159\u00e1kova Stabat Mater. Mnoho vystoupen\u00ed sboru prob\u011bhlo tak\u00e9 ve spolupr\u00e1ci s&nbsp;Pardubick\u00fdm komorn\u00edm orchestrem (PKO) nebo souborem historick\u00fdch n\u00e1stroj\u016f Consort z&nbsp;Chrudimi. Z&nbsp;v\u00fdznamn\u00fdch koncertn\u00edch um\u011blc\u016f, spolupracuj\u00edc\u00edch se sborem, jmenujme na prvn\u00edm m\u00edst\u011b varhan\u00edky \u2013 prof. V\u00e1clav Uhl\u00ed\u0159, Michal Hanu\u0161, Zden\u011bk Uhl\u00ed\u0159, Daniela Kosinov\u00e1, Kate\u0159ina Hol\u00e1 (roz. Jire\u0161ov\u00e1), d\u00e1le vok\u00e1ln\u00ed s\u00f3list\u00e9 \u2013 nap\u0159. Jana Lesn\u00e1 (mj. zakl\u00e1daj\u00edc\u00ed \u010dlenka), Jarmila Kosinov\u00e1, Hana Medkov\u00e1 \u2013 Posp\u00ed\u0161ilov\u00e1, Martin Vodr\u00e1\u017eka, Ale\u0161 Nehn\u011bvajsa aj. Za zm\u00ednku stoj\u00ed i spolupr\u00e1ce s&nbsp;profesion\u00e1ln\u00edmi hudebn\u00edmi t\u011blesy jako Komorn\u00ed filharmonie Pardubice, Filharmonie Hradec Kr\u00e1lov\u00e9 nebo komorn\u00ed orchestr Quattro Praha. Vedle sv\u00e9ho dirigenta T. \u017didka pak zp\u00edval sbor pod taktovkou nap\u0159. Otakara Tvrd\u00e9ho, Leo\u0161e Sv\u00e1rovsk\u00e9ho nebo Jaroslava Kr\u010dka.<\/p>\n\n\n\n<p>Velk\u00e9 pod\u011bkov\u00e1n\u00ed za r\u016fzn\u00e9 formy podpory a z\u00e1zem\u00ed od po\u010d\u00e1tku existence sboru pat\u0159\u00ed m\u011bstu Chrudim, Chrudimsk\u00e9 besed\u011b (Ji\u0159\u00ed Kade\u0159\u00e1vek) a v&nbsp;neposledn\u00ed \u0159ad\u011b chrudimsk\u00e9mu arcid\u011bkanstv\u00ed (P. Ji\u0159\u00ed Heblt, do r. 2009 \u2013 P. Josef Smola).<\/p>\n","protected":false},"excerpt":{"rendered":"<p>Charakteristika \u010dinnosti hudebn\u00ed spole\u010dnosti \u201eSalv\u00e1tor \u2013 Chrudim\u201c Sm\u00ed\u0161en\u00fd sbor Salv\u00e1tor byl zalo\u017een v&nbsp;roce 1999, p\u016fvodn\u011b jako ml\u00e1de\u017enick\u00e9 p\u011bveck\u00e9 t\u011bleso, dlouhou dobu slo\u017een\u00e9 tak\u0159ka v\u00fdhradn\u011b z&nbsp;\u0159ad st\u0159edo\u0161kol\u00e1k\u016f a&nbsp;vysoko\u0161kol\u00e1k\u016f, poch\u00e1zej\u00edc\u00edch z&nbsp;Chrudimi a&nbsp;okol\u00ed. P\u0159\u00edm\u00fdm p\u0159edch\u016fdcem Salv\u00e1toru byl sbor Gymn\u00e1zia Josefa Ressela \u2013 Chrudim, &hellip; <a href=\"https:\/\/salvator.rosomak.cz\/index.php\/historie\/\">Continued<\/a><\/p>\n","protected":false},"author":1,"featured_media":0,"parent":0,"menu_order":0,"comment_status":"closed","ping_status":"closed","template":"","meta":{"kt_blocks_editor_width":"","footnotes":""},"class_list":["post-35","page","type-page","status-publish","hentry"],"_links":{"self":[{"href":"https:\/\/salvator.rosomak.cz\/index.php\/wp-json\/wp\/v2\/pages\/35","targetHints":{"allow":["GET"]}}],"collection":[{"href":"https:\/\/salvator.rosomak.cz\/index.php\/wp-json\/wp\/v2\/pages"}],"about":[{"href":"https:\/\/salvator.rosomak.cz\/index.php\/wp-json\/wp\/v2\/types\/page"}],"author":[{"embeddable":true,"href":"https:\/\/salvator.rosomak.cz\/index.php\/wp-json\/wp\/v2\/users\/1"}],"replies":[{"embeddable":true,"href":"https:\/\/salvator.rosomak.cz\/index.php\/wp-json\/wp\/v2\/comments?post=35"}],"version-history":[{"count":2,"href":"https:\/\/salvator.rosomak.cz\/index.php\/wp-json\/wp\/v2\/pages\/35\/revisions"}],"predecessor-version":[{"id":118,"href":"https:\/\/salvator.rosomak.cz\/index.php\/wp-json\/wp\/v2\/pages\/35\/revisions\/118"}],"wp:attachment":[{"href":"https:\/\/salvator.rosomak.cz\/index.php\/wp-json\/wp\/v2\/media?parent=35"}],"curies":[{"name":"wp","href":"https:\/\/api.w.org\/{rel}","templated":true}]}}