{"id":179,"date":"2025-12-02T17:38:45","date_gmt":"2025-12-02T16:38:45","guid":{"rendered":"https:\/\/salvator.rosomak.cz\/?page_id=179"},"modified":"2026-01-05T15:30:31","modified_gmt":"2026-01-05T14:30:31","slug":"__trashed","status":"publish","type":"page","link":"https:\/\/salvator.rosomak.cz\/index.php\/__trashed\/","title":{"rendered":"Galerie"},"content":{"rendered":"<style type=\"text\/css\">.foogallery-album-gallery-list .foogallery-pile h3 { background: #fff !important; }.foogallery-album-gallery-list .foogallery-pile h3 { color: #000000 !important; }<\/style><div id=\"foogallery-album-199\">\n\t<ul class=\"foogallery-album-gallery-list alignment-left\">\n\t\t\t\t\t\t<li>\n\t\t\t\t\t<div class=\"foogallery-pile\">\n\t\t\t\t\t\t<div class=\"foogallery-pile-inner\">\n\t\t\t\t\t\t\t<a href=\"https:\/\/salvator.rosomak.cz\/index.php\/__trashed\/gallery\/2020-koncert-koci\" target=\"_self\">\n\t\t\t\t\t\t\t\t<img loading=\"lazy\" decoding=\"async\"  src=\"https:\/\/salvator.rosomak.cz\/wp-content\/uploads\/cache\/2025\/05\/DSC_0041-scaled\/2175427287.jpg\" width=\"150\" height=\"150\" class=\"skip-lazy\" \/>\t\t\t\t\t\t\t\t\t\t\t\t\t\t\t\t<h3>2020 \u2013 Koncert Ko\u010d\u00ed\t\t\t\t\t\t\t\t\t<span>10 images<\/span>\n\t\t\t\t\t\t\t\t<\/h3>\n\t\t\t\t\t\t\t<\/a>\n\t\t\t\t\t\t<\/div>\n\t\t\t\t\t<\/div>\n\t\t\t\t<\/li>\n\t\t\t\t\t\t\t\t\t<li>\n\t\t\t\t\t<div class=\"foogallery-pile\">\n\t\t\t\t\t\t<div class=\"foogallery-pile-inner\">\n\t\t\t\t\t\t\t<a href=\"https:\/\/salvator.rosomak.cz\/index.php\/__trashed\/gallery\/pokusna-galerie\" target=\"_self\">\n\t\t\t\t\t\t\t\t<img loading=\"lazy\" decoding=\"async\"  src=\"https:\/\/salvator.rosomak.cz\/wp-content\/uploads\/cache\/2025\/05\/0-1\/3784633091.jpg\" width=\"150\" height=\"150\" class=\"skip-lazy\" \/>\t\t\t\t\t\t\t\t\t\t\t\t\t\t\t\t<h3>2019 - Festival duchovn\u00ed hudby sv. Cecilie \u00dast\u00ed nad Orlic\u00ed\t\t\t\t\t\t\t\t\t<span>12 images<\/span>\n\t\t\t\t\t\t\t\t<\/h3>\n\t\t\t\t\t\t\t<\/a>\n\t\t\t\t\t\t<\/div>\n\t\t\t\t\t<\/div>\n\t\t\t\t<\/li>\n\t\t\t\t\t\t<\/ul>\n\t<div style=\"clear: both;\"><\/div>\n<\/div>\n<style type=\"text\/css\">\/* Kontejner polo\u017eky: pevn\u00e1 v\u00fd\u0161ka, stejn\u00e9 rozm\u011bry pro v\u0161echny polo\u017eky *\/\r\n.foogallery-album-gallery-list .foogallery-pile {\r\n  width: 200px; \/* \u0161\u00ed\u0159ka polo\u017eky \u2014 upravte podle layoutu *\/\r\n  margin: 0 12px 24px 0;\r\n  float: left;\r\n}\r\n.foogallery-album-gallery-list .foogallery-pile-inner {\r\n  height: 260px; \/* celkov\u00e1 v\u00fd\u0161ka polo\u017eky (obr\u00e1zek + n\u00e1zev) *\/\r\n  display: flex;\r\n  flex-direction: column;\r\n  overflow: hidden;\r\n}\r\n\r\n\/* Obr\u00e1zek: fixn\u00ed v\u00fd\u0161ka, o\u0159ez pro zachov\u00e1n\u00ed kvality *\/\r\n.foogallery-album-gallery-list .foogallery-pile-inner img {\r\n  width: 100%;\r\n  height: 180px; \/* v\u00fd\u0161ka n\u00e1hledu *\/\r\n  object-fit: cover; \/* o\u0159ez bez roztahov\u00e1n\u00ed *\/\r\n  flex: 0 0 auto;\r\n}\r\n\r\n\/* Titulek: pevn\u00fd blok pod obr\u00e1zkem, p\u0159ete\u010den\u00ed skryt\u00e9, zalomen\u00ed textu *\/\r\n.foogallery-album-gallery-list .foogallery-pile-inner h3 {\r\n  height: 80px; \/* zbytek z celkov\u00e9 v\u00fd\u0161ky *\/\r\n  margin: 8px 0 0;\r\n  padding: 4px 6px;\r\n  font-size: 14px;\r\n  line-height: 1.2;\r\n  overflow: hidden;\r\n  text-overflow: ellipsis;\r\n  display: -webkit-box;\r\n  -webkit-line-clamp: 3; \/* kolik \u0159\u00e1dk\u016f zobrazit *\/\r\n  -webkit-box-orient: vertical;\r\n  white-space: normal;\r\n}\r\n\r\n\/* Po\u010det obr\u00e1zk\u016f men\u0161\u00edm fontem *\/\r\n.foogallery-album-gallery-list .foogallery-pile-inner h3 span {\r\n  display: block;\r\n  font-size: 12px;\r\n  color: #666;\r\n  margin-top: 4px;\r\n}\r\n\r\n\/* Responsivita: zmen\u0161it \u0161\u00ed\u0159ku a v\u00fd\u0161ky na mobilu *\/\r\n@media (max-width:768px){\r\n  .foogallery-album-gallery-list .foogallery-pile { width: 48%; margin-right:4%; }\r\n  .foogallery-album-gallery-list .foogallery-pile-inner { height: 200px; }\r\n  .foogallery-album-gallery-list .foogallery-pile-inner img { height: 130px; }\r\n  .foogallery-album-gallery-list .foogallery-pile-inner h3 { height: 66px; -webkit-line-clamp: 3; font-size:13px; }\r\n}\r\n<\/style>\n\n\n\n<p><\/p>\n","protected":false},"excerpt":{"rendered":"","protected":false},"author":1,"featured_media":0,"parent":0,"menu_order":0,"comment_status":"closed","ping_status":"closed","template":"","meta":{"kt_blocks_editor_width":"","footnotes":""},"class_list":["post-179","page","type-page","status-publish","hentry"],"_links":{"self":[{"href":"https:\/\/salvator.rosomak.cz\/index.php\/wp-json\/wp\/v2\/pages\/179","targetHints":{"allow":["GET"]}}],"collection":[{"href":"https:\/\/salvator.rosomak.cz\/index.php\/wp-json\/wp\/v2\/pages"}],"about":[{"href":"https:\/\/salvator.rosomak.cz\/index.php\/wp-json\/wp\/v2\/types\/page"}],"author":[{"embeddable":true,"href":"https:\/\/salvator.rosomak.cz\/index.php\/wp-json\/wp\/v2\/users\/1"}],"replies":[{"embeddable":true,"href":"https:\/\/salvator.rosomak.cz\/index.php\/wp-json\/wp\/v2\/comments?post=179"}],"version-history":[{"count":7,"href":"https:\/\/salvator.rosomak.cz\/index.php\/wp-json\/wp\/v2\/pages\/179\/revisions"}],"predecessor-version":[{"id":206,"href":"https:\/\/salvator.rosomak.cz\/index.php\/wp-json\/wp\/v2\/pages\/179\/revisions\/206"}],"wp:attachment":[{"href":"https:\/\/salvator.rosomak.cz\/index.php\/wp-json\/wp\/v2\/media?parent=179"}],"curies":[{"name":"wp","href":"https:\/\/api.w.org\/{rel}","templated":true}]}}