{"id":157,"date":"2025-12-01T14:57:44","date_gmt":"2025-12-01T13:57:44","guid":{"rendered":"https:\/\/salvator.rosomak.cz\/?page_id=157"},"modified":"2025-12-01T15:08:03","modified_gmt":"2025-12-01T14:08:03","slug":"uvodni-stranka","status":"publish","type":"page","link":"https:\/\/salvator.rosomak.cz\/","title":{"rendered":"\u00favodn\u00ed str\u00e1nka"},"content":{"rendered":"\n<h2 class=\"wp-block-heading\">Tady vznik\u00e1 nov\u00fd web souboru Salv\u00e1tor.<\/h2>\n\n\n\n<p>D\u011bl\u00e1m to ve sv\u00e9m voln\u00e9m \u010dase, kter\u00e9ho je pom\u00e1lu, tak\u017ee mi to tu tak\u00e9 p\u0159ib\u00fdv\u00e1 pomaalu.<\/p>\n","protected":false},"excerpt":{"rendered":"<p>Tady vznik\u00e1 nov\u00fd web souboru Salv\u00e1tor. D\u011bl\u00e1m to ve sv\u00e9m voln\u00e9m \u010dase, kter\u00e9ho je pom\u00e1lu, tak\u017ee mi to tu tak\u00e9 p\u0159ib\u00fdv\u00e1 pomaalu.<\/p>\n","protected":false},"author":1,"featured_media":0,"parent":0,"menu_order":0,"comment_status":"closed","ping_status":"closed","template":"","meta":{"kt_blocks_editor_width":"","footnotes":""},"class_list":["post-157","page","type-page","status-publish","hentry"],"_links":{"self":[{"href":"https:\/\/salvator.rosomak.cz\/index.php\/wp-json\/wp\/v2\/pages\/157","targetHints":{"allow":["GET"]}}],"collection":[{"href":"https:\/\/salvator.rosomak.cz\/index.php\/wp-json\/wp\/v2\/pages"}],"about":[{"href":"https:\/\/salvator.rosomak.cz\/index.php\/wp-json\/wp\/v2\/types\/page"}],"author":[{"embeddable":true,"href":"https:\/\/salvator.rosomak.cz\/index.php\/wp-json\/wp\/v2\/users\/1"}],"replies":[{"embeddable":true,"href":"https:\/\/salvator.rosomak.cz\/index.php\/wp-json\/wp\/v2\/comments?post=157"}],"version-history":[{"count":3,"href":"https:\/\/salvator.rosomak.cz\/index.php\/wp-json\/wp\/v2\/pages\/157\/revisions"}],"predecessor-version":[{"id":161,"href":"https:\/\/salvator.rosomak.cz\/index.php\/wp-json\/wp\/v2\/pages\/157\/revisions\/161"}],"wp:attachment":[{"href":"https:\/\/salvator.rosomak.cz\/index.php\/wp-json\/wp\/v2\/media?parent=157"}],"curies":[{"name":"wp","href":"https:\/\/api.w.org\/{rel}","templated":true}]}}