{"id":104,"date":"2025-05-24T14:28:08","date_gmt":"2025-05-24T12:28:08","guid":{"rendered":"http:\/\/10.0.123.18\/test\/?page_id=104"},"modified":"2025-05-24T14:28:09","modified_gmt":"2025-05-24T12:28:09","slug":"tomas-zidek","status":"publish","type":"page","link":"https:\/\/salvator.rosomak.cz\/index.php\/tomas-zidek\/","title":{"rendered":"Tom\u00e1\u0161 \u017didek"},"content":{"rendered":"<div class=\"wp-block-image\">\n<figure class=\"alignleft is-resized\"><img loading=\"lazy\" decoding=\"async\" width=\"150\" height=\"225\" src=\"http:\/\/10.0.123.18\/test\/wp-content\/uploads\/2025\/05\/tomas_zidek.jpg\" alt=\"\" class=\"wp-image-47\" style=\"width:158px;height:auto\"\/><\/figure>\n<\/div>\n\n\n<p><a href=\"http:\/\/www.tomaszidek.cz\/\">Tom\u00e1\u0161 \u017didek<\/a> (* 8. 2. 1981 v &nbsp;Chrudimi) z\u00edskal z\u00e1klady hudebn\u00edho vzd\u011bl\u00e1n\u00ed od sv\u00e9ho otce Petra \u017didka (fl\u00e9tnista, skladatel, dlouholet\u00fd \u0159editel ZU\u0160 Chrast), ale tak\u00e9 d\u011bde\u010dka Karla \u017didka (1912 \u2013 2001), \u0159editele chrudimsk\u00e9ho k\u016fru a hudebn\u00edho skladatele. Od \u0161esti let nav\u0161t\u011bvoval L\u0160U (pozd\u011bji ZU\u0160) v&nbsp;Chrasti u&nbsp;Chrudimi, absolvoval Gymn\u00e1zium Josefa Ressela v&nbsp;Chrudimi a&nbsp;Konzervato\u0159 Pardubice, kde studoval nejprve hru na violu, pozd\u011bji dirigov\u00e1n\u00ed u prof. O. Tvrd\u00e9ho a doc. V. Nov\u00e1ka.<\/p>\n\n\n\n<p>Ji\u017e za studi\u00ed na gymn\u00e1ziu \u017didek zalo\u017eil a \u0159\u00eddil tane\u010dn\u00ed a jazzov\u00fd orchestr, kvarteto, komorn\u00ed orchestr, ale p\u0159edev\u0161\u00edm p\u011bveck\u00fd sbor. N\u011bjakou dobu tak\u00e9 hr\u00e1val na sopr\u00e1novou violu da gamba &nbsp;v&nbsp;souboru historick\u00fdch n\u00e1stroj\u016f Consort. Vedle ryze hudebn\u00edch aktivit se zab\u00fdval hudebn\u00ed historiografi\u00ed. Za pr\u00e1ci \u201eD\u011bjiny chrudimsk\u00e9 duchovn\u00ed hudby\u201c z\u00edskal v&nbsp;celost\u00e1tn\u00edm kole sout\u011b\u017ee \u201eSO\u010c\u201c (obor Teorie kultury a&nbsp;um\u011bleck\u00e9 tvorby) 3. cenu.<\/p>\n\n\n\n<p>Na konzervato\u0159i se \u017didek mj. aktivn\u011b pod\u00edlel na nastudov\u00e1n\u00ed Smetanovy \u201eHubi\u010dky\u201c, Blodkovy opery \u201eV studni\u201c i kompletn\u00edho proveden\u00ed Smetanova cyklu \u201eM\u00e1 vlast\u201c. Ve 2.&nbsp;ro\u010dn\u00edku p\u0159ibral studium oblig\u00e1tn\u00edch varhan u prof. V\u00e1clava Uhl\u00ed\u0159e. Ke studiu dirigov\u00e1n\u00ed jej p\u0159ivedl prof. Otakar Tvrd\u00fd, dirigent orchestru konzervato\u0159e. V&nbsp;l\u00e9t\u011b 2003 p\u016fsobil jako asistent a dirigent na t\u00e1bo\u0159e smy\u010dcov\u00e9ho orchestru Hudebn\u00ed ml\u00e1de\u017ee \u010cR. N\u011bkolikr\u00e1t se tak\u00e9 z\u00fa\u010dastnil sbormistrovsk\u00fdch kurz\u016f, po\u0159\u00e1dan\u00fdch agenturou \u201eArtama\u201c (nap\u0159. M. Uherek, prof. J. Skopal, M.&nbsp;Sedl\u00e1\u010dek, doc. L. M\u00e1tl).<\/p>\n\n\n\n<p>Vedle jin\u00fdch aktivit p\u016fsob\u00ed T. \u017didek jako \u0159editel k\u016fru p\u0159i chrudimsk\u00e9m arcid\u011bkanstv\u00ed (mj. vede chr\u00e1mov\u00fd sbor) a&nbsp;po\u0159\u00e1d\u00e1 pravideln\u011b nejen zp\u00edvan\u00e9 m\u0161e (n\u011bkdy s&nbsp;orchestrem), ale i \u0159adu duchovn\u00edch koncert\u016f. V&nbsp;lednu r. 2001 byla \u017didkovi za z\u00e1sluhy v&nbsp;oblasti kultury ud\u011blena m\u011bstskou radou cena \u201eOsobnost m\u011bsta Chrudim\u201c za rok 2000. Pedagogicky p\u016fsob\u00ed Tom\u00e1\u0161 \u017didek na ZU\u0160 J. N. Filc\u00edka v&nbsp;Chrasti u Chrudimi a Konzervato\u0159i Pardubice (d\u0159\u00edve i na ZU\u0160 Chrudim a Gymn\u00e1ziu Josefa Ressela v&nbsp;Chrudimi).<\/p>\n\n\n\n<p>Na ja\u0159e r. 2001 spole\u010dn\u011b s&nbsp;n\u011bkolika spolupracovn\u00edky uspo\u0159\u00e1dal v&nbsp;Chrudimi celost\u00e1tn\u00ed festival v\u00e1\u017en\u00e9 hudby pro mlad\u00e9 \u201eDny Hudebn\u00ed ml\u00e1de\u017ee\u201c. V&nbsp;r. 2009 prob\u011bhl ji\u017e 9. ro\u010dn\u00edk \u2013 pod n\u00e1zvem \u201eAth\u00e9ny v\u00fdchodn\u00edch \u010cech\u201c. P\u0159i studiu konzervato\u0159e spolupracoval \u017didek n\u011bkolikr\u00e1t jako dirigent mimo jin\u00e9 s&nbsp;Pardubick\u00fdm komorn\u00edm orchestrem nebo orchestrem konzervato\u0159e. \u010cty\u0159ikr\u00e1t byl tak\u00e9 pozv\u00e1n k&nbsp;\u0159\u00edzen\u00ed zahajovac\u00edho koncertu nov\u011b vznikl\u00e9ho festivalu (2004) \u201eTom\u00e1\u0161kova a Nov\u00e1kova hudebn\u00ed Skute\u010d\u201c (V. J. Tom\u00e1\u0161ek \u2013 Requiem c&nbsp;moll, Korunova\u010dn\u00ed m\u0161e\u2026).<\/p>\n\n\n\n<p>P\u0159\u00edle\u017eitostn\u011b se Tom\u00e1\u0161 \u017didek v\u011bnuje i kompozici \u2013 v&nbsp;\u00fanoru 2005 prob\u011bhla ve V\u00fdchodo\u010desk\u00e9m divadle v&nbsp;Pardubic\u00edch premi\u00e9ra jeho melodramatick\u00e9ho baletu \u201eO&nbsp;Slune\u010dn\u00edku, M\u011bs\u00ed\u010dn\u00edku a V\u011btrn\u00edku\u201c, komponovan\u00e9ho pro baletn\u00ed soubor pardubick\u00e9 ZU\u0160. Sv\u00e9 konzervatorn\u00ed studium ukon\u010dil nastudov\u00e1n\u00edm Nov\u00e1kovy \u201eSlov\u00e1ck\u00e9 suity\u201c (orch. konzervato\u0159e).<\/p>\n\n\n\n<p>Tom\u00e1\u0161 \u017didek je absolventem Hudebn\u00ed fakulty AMU v&nbsp;Praze, kde studoval postupn\u011b orchestr\u00e1ln\u00ed dirigov\u00e1n\u00ed u prof. R. Eli\u0161ky,&nbsp;doc.&nbsp;P.&nbsp;Vronsk\u00e9ho, H. Farka\u010de a Ch. O. Munroe, opern\u00ed dirigov\u00e1n\u00ed u prof. J. Kuchinky, L.&nbsp;Sv\u00e1rovsk\u00e9ho, N. Baxy a F. Babick\u00e9ho a sborov\u00e9 dirigov\u00e1n\u00ed u prof. J.&nbsp;Chv\u00e1ly a doc. L. M\u00e1tla. V&nbsp;srpnu 2005 se z\u00fa\u010dastnil mistrovsk\u00fdch dirigentsk\u00fdch kurz\u016f u prof. M.&nbsp;Stringera v&nbsp;rakousk\u00e9m Badenu. Od &nbsp;r. 2009 pokra\u010duje v&nbsp;doktorsk\u00e9m studijn\u00edm programu.<\/p>\n\n\n\n<p>Jako dirigent spolupracoval \u017didek mj. s&nbsp;Pra\u017esk\u00fdm komorn\u00edm sborem, Filharmoni\u00ed Hradec Kr\u00e1lov\u00e9, Filharmoni\u00ed B. Martin\u016f Zl\u00edn (Talentinum 2006), Severo\u010deskou filharmoni\u00ed Teplice, Komorn\u00ed filharmoni\u00ed Pardubice, Jiho\u010deskou komorn\u00ed filharmoni\u00ed \u010cesk\u00e9 Bud\u011bjovice a&nbsp;Plze\u0148skou filharmoni\u00ed (Hudebn\u00ed rozhledy 5\/2009). Vedle symfonick\u00fdch projekt\u016f se dirigentsky pod\u00edlel na nastudov\u00e1n\u00ed a&nbsp;prov\u00e1d\u011bn\u00ed H\u00e4ndlovy opery \u201eJulius Caesar\u201c v&nbsp;Divadle F. X. \u0160aldy v&nbsp;Liberci (\u00fanor \u2013 kv\u011bten 2009).<\/p>\n\n\n\n<p>Muzikologi\u00ed se T. \u017didek zab\u00fdv\u00e1 zejm\u00e9na ve voln\u00e9m \u010dase. Tento obor p\u011bstuje v\u0161ak zejm\u00e9na jako prost\u0159edek a v\u00fdchodisko k&nbsp;interpreta\u010dn\u00ed hudebn\u00ed pr\u00e1ci. V&nbsp;prosinci r. 2007 vy\u0161la v&nbsp;Chrudimi jeho pr\u00e1ce \u201eHudebn\u00ed Chrudim\u201c, kde shrnuje pozoruhodnou hudebn\u00ed historii a&nbsp;\u017eivot tohoto m\u011bsta. V&nbsp;kv\u011btnu 2009 mu vy\u0161la tak\u00e9 monografie o&nbsp;\u010desk\u00e9m zapomenut\u00e9m skladateli Aloisu Hnili\u010dkovi (1826 \u2013 1909), mj. autoru prvn\u00ed \u010desk\u00e9 symfonick\u00e9 b\u00e1sn\u011b \u201eT\u00e1borita\u201c (1862), kter\u00fd p\u016fsobil dlouh\u00e1 l\u00e9ta v&nbsp;Chrudimi a zde tak\u00e9 zem\u0159el a jeho\u017e d\u00edla tak\u00e9 \u017didek \u010das od \u010dasu provozuje (nap\u0159. Stabat Mater na \u010desk\u00fd text nebo r\u016fzn\u00e9 m\u0161e\u2026).<\/p>\n\n\n\n<p>Od ledna 2008 p\u016fsob\u00ed T. \u017didek tak\u00e9 jako dramaturg proslul\u00e9ho koncertn\u00edho cyklu \u201eChrudimsk\u00e9 hudebn\u00ed p\u00e1tky\u201c, vedle toho je tak\u00e9 ji\u017e n\u011bkolik let \u010dlenem m\u011bstsk\u00e9ho zastupitelstva a p\u0159edsedou kulturn\u00ed komise v&nbsp;Chrudimi. V kv\u011btnu 2009 prob\u011bhla, \u010d\u00e1ste\u010dn\u011b pod jeho veden\u00edm, v&nbsp;Chrudimi mezin\u00e1rodn\u00ed muzikologick\u00e1 konference na t\u00e9ma \u201e\u010cesk\u00e1 a slovensk\u00e1 hudba a totalita\u201c. V&nbsp;listopadu 2009 p\u0159edn\u00e1\u0161el v Praze na mezin\u00e1rodn\u00ed konferenci v\u011bnovan\u00e9 tvorb\u011b Josefa Bohuslava Foerstera.<\/p>\n","protected":false},"excerpt":{"rendered":"<p>Tom\u00e1\u0161 \u017didek (* 8. 2. 1981 v &nbsp;Chrudimi) z\u00edskal z\u00e1klady hudebn\u00edho vzd\u011bl\u00e1n\u00ed od sv\u00e9ho otce Petra \u017didka (fl\u00e9tnista, skladatel, dlouholet\u00fd \u0159editel ZU\u0160 Chrast), ale tak\u00e9 d\u011bde\u010dka Karla \u017didka (1912 \u2013 2001), \u0159editele chrudimsk\u00e9ho k\u016fru a hudebn\u00edho skladatele. Od \u0161esti let &hellip; <a href=\"https:\/\/salvator.rosomak.cz\/index.php\/tomas-zidek\/\">Continued<\/a><\/p>\n","protected":false},"author":1,"featured_media":0,"parent":0,"menu_order":0,"comment_status":"closed","ping_status":"closed","template":"","meta":{"kt_blocks_editor_width":"","footnotes":""},"class_list":["post-104","page","type-page","status-publish","hentry"],"_links":{"self":[{"href":"https:\/\/salvator.rosomak.cz\/index.php\/wp-json\/wp\/v2\/pages\/104","targetHints":{"allow":["GET"]}}],"collection":[{"href":"https:\/\/salvator.rosomak.cz\/index.php\/wp-json\/wp\/v2\/pages"}],"about":[{"href":"https:\/\/salvator.rosomak.cz\/index.php\/wp-json\/wp\/v2\/types\/page"}],"author":[{"embeddable":true,"href":"https:\/\/salvator.rosomak.cz\/index.php\/wp-json\/wp\/v2\/users\/1"}],"replies":[{"embeddable":true,"href":"https:\/\/salvator.rosomak.cz\/index.php\/wp-json\/wp\/v2\/comments?post=104"}],"version-history":[{"count":1,"href":"https:\/\/salvator.rosomak.cz\/index.php\/wp-json\/wp\/v2\/pages\/104\/revisions"}],"predecessor-version":[{"id":105,"href":"https:\/\/salvator.rosomak.cz\/index.php\/wp-json\/wp\/v2\/pages\/104\/revisions\/105"}],"wp:attachment":[{"href":"https:\/\/salvator.rosomak.cz\/index.php\/wp-json\/wp\/v2\/media?parent=104"}],"curies":[{"name":"wp","href":"https:\/\/api.w.org\/{rel}","templated":true}]}}